{"id":932,"date":"2016-01-29T09:07:29","date_gmt":"2016-01-29T09:07:29","guid":{"rendered":"http:\/\/themes.hody.co\/comet\/?page_id=932"},"modified":"2025-07-31T10:11:00","modified_gmt":"2025-07-31T08:11:00","slug":"portfolio-boxed-2-columns","status":"publish","type":"page","link":"https:\/\/gdecor.it\/?page_id=932","title":{"rendered":"Portfolio Boxed 2 Columns"},"content":{"rendered":"<p>[vc_row][vc_column]<ul id=\"filters\"><li data-filter=\"*\" class=\"active\">All<\/li><li data-filter=\".branding\">Branding<\/li> <li data-filter=\".graphic\">Graphic<\/li> <li data-filter=\".printing\">Printing<\/li> <li data-filter=\".c-372f22caaf1df527ba2aa764a92a18d6\">TAPPETI INTARSIATI<\/li> <li data-filter=\".video\">Video<\/li> <\/ul><div id=\"works-grid\" class=\"wide three-col\"><div class=\"work-item printing\"><div class=\"work-detail\"><a href=\"https:\/\/gdecor.it\/?portfolio=croce-rossa\"><div class=\"work-info\"><div class=\"centrize\"><div class=\"v-center\"><h3>Croce Rossa<\/h3><p>Printing<\/p><\/div><\/div><\/div><\/a><\/div><\/div><div class=\"work-item printing\"><div class=\"work-detail\"><a href=\"https:\/\/gdecor.it\/?portfolio=gadget-vari\"><img decoding=\"async\" src=\"https:\/\/gdecor.it\/wp-content\/uploads\/2025\/08\/penne.jpg\" alt=\"Gadget Vari\"><div class=\"work-info\"><div class=\"centrize\"><div class=\"v-center\"><h3>Gadget Vari<\/h3><p>Printing<\/p><\/div><\/div><\/div><\/a><\/div><\/div><div class=\"work-item \"><div class=\"work-detail\"><a href=\"https:\/\/gdecor.it\/?portfolio=roll-up\"><img decoding=\"async\" src=\"https:\/\/gdecor.it\/wp-content\/uploads\/2025\/08\/mockup-Gdecor-con-rollup-960x616.png\" alt=\"ROLL-UP\"><div class=\"work-info\"><div class=\"centrize\"><div class=\"v-center\"><h3>ROLL-UP<\/h3><p><\/p><\/div><\/div><\/div><\/a><\/div><\/div><div class=\"work-item \"><div class=\"work-detail\"><a href=\"https:\/\/gdecor.it\/?portfolio=gadget\"><img decoding=\"async\" src=\"https:\/\/gdecor.it\/wp-content\/uploads\/2025\/06\/WhatsApp-Image-2025-06-13-at-09.27.47-1-960x720.jpeg\" alt=\"GADGET\"><div class=\"work-info\"><div class=\"centrize\"><div class=\"v-center\"><h3>GADGET<\/h3><p><\/p><\/div><\/div><\/div><\/a><\/div><\/div><div class=\"work-item \"><div class=\"work-detail\"><a href=\"https:\/\/gdecor.it\/?portfolio=allestimento-automezzi-adiendali\"><img decoding=\"async\" src=\"https:\/\/gdecor.it\/wp-content\/uploads\/2025\/05\/WhatsApp-Image-2025-05-09-at-14.24.58-960x720.jpeg\" alt=\"ALLESTIMENTO AUTOMEZZI ADIENDALI\"><div class=\"work-info\"><div class=\"centrize\"><div class=\"v-center\"><h3>ALLESTIMENTO AUTOMEZZI ADIENDALI<\/h3><p><\/p><\/div><\/div><\/div><\/a><\/div><\/div><div class=\"work-item \"><div class=\"work-detail\"><a href=\"https:\/\/gdecor.it\/?portfolio=allestimento-vetrofanie-effetto-sabbiato-tappeto-intarsiato\"><img decoding=\"async\" src=\"https:\/\/gdecor.it\/wp-content\/uploads\/2025\/05\/ffdab0df-29b9-4f16-8c55-9ca1daa87d5c-960x720.jpeg\" alt=\"Allestimento vetrofanie effetto sabbiato\/Tappeto Intarsiato\"><div class=\"work-info\"><div class=\"centrize\"><div class=\"v-center\"><h3>Allestimento vetrofanie effetto sabbiato\/Tappeto Intarsiato<\/h3><p><\/p><\/div><\/div><\/div><\/a><\/div><\/div><div class=\"work-item \"><div class=\"work-detail\"><a href=\"https:\/\/gdecor.it\/?portfolio=gadget-smape\"><img decoding=\"async\" src=\"https:\/\/gdecor.it\/wp-content\/uploads\/2025\/04\/13-960x656.jpeg\" alt=\"Gadget SMAPE\"><div class=\"work-info\"><div class=\"centrize\"><div class=\"v-center\"><h3>Gadget SMAPE<\/h3><p><\/p><\/div><\/div><\/div><\/a><\/div><\/div><div class=\"work-item \"><div class=\"work-detail\"><a href=\"https:\/\/gdecor.it\/?portfolio=allestimento-stand-smape\"><img decoding=\"async\" src=\"https:\/\/gdecor.it\/wp-content\/uploads\/2025\/04\/FB-01-960x693.jpg\" alt=\"Allestimento Stand SMAPE\"><div class=\"work-info\"><div class=\"centrize\"><div class=\"v-center\"><h3>Allestimento Stand SMAPE<\/h3><p><\/p><\/div><\/div><\/div><\/a><\/div><\/div><div class=\"work-item branding\"><div class=\"work-detail\"><a href=\"https:\/\/gdecor.it\/?portfolio=adrilog-2\"><img decoding=\"async\" src=\"https:\/\/gdecor.it\/wp-content\/uploads\/2025\/03\/4cec5f11-4c4b-486e-8a92-062a0c3b7c6e-1-960x720.jpeg\" alt=\"ADRILOG\"><div class=\"work-info\"><div class=\"centrize\"><div class=\"v-center\"><h3>ADRILOG<\/h3><p>Branding<\/p><\/div><\/div><\/div><\/a><\/div><\/div><div class=\"work-item c-372f22caaf1df527ba2aa764a92a18d6\"><div class=\"work-detail\"><a href=\"https:\/\/gdecor.it\/?portfolio=1906\"><img decoding=\"async\" src=\"https:\/\/gdecor.it\/wp-content\/uploads\/2024\/09\/Dettaglio-intarsio-960x565.jpg\" alt=\"TAPPETI INTARSIATI PERSONALIZZATI E SU MISURA\"><div class=\"work-info\"><div class=\"centrize\"><div class=\"v-center\"><h3>TAPPETI INTARSIATI PERSONALIZZATI E SU MISURA<\/h3><p>TAPPETI INTARSIATI<\/p><\/div><\/div><\/div><\/a><\/div><\/div><div class=\"work-item printing\"><div class=\"work-detail\"><a href=\"https:\/\/gdecor.it\/?portfolio=rustichella-dabruzzo\"><img decoding=\"async\" src=\"https:\/\/gdecor.it\/wp-content\/uploads\/2024\/08\/451519310_1295778344730338_7560478211567541464_n-960x720.jpg\" alt=\"Rustichella D&#8217;Abruzzo\"><div class=\"work-info\"><div class=\"centrize\"><div class=\"v-center\"><h3>Rustichella D&#8217;Abruzzo<\/h3><p>Printing<\/p><\/div><\/div><\/div><\/a><\/div><\/div><div class=\"work-item printing\"><div class=\"work-detail\"><a href=\"https:\/\/gdecor.it\/?portfolio=adrilog\"><img decoding=\"async\" src=\"https:\/\/gdecor.it\/wp-content\/uploads\/2023\/12\/1676632939106-6-960x720.jpg\" alt=\"AdriLog\"><div class=\"work-info\"><div class=\"centrize\"><div class=\"v-center\"><h3>AdriLog<\/h3><p>Printing<\/p><\/div><\/div><\/div><\/a><\/div><\/div><div class=\"work-item branding graphic printing\"><div class=\"work-detail\"><a href=\"https:\/\/gdecor.it\/?portfolio=campus-italia\"><img decoding=\"async\" src=\"https:\/\/gdecor.it\/wp-content\/uploads\/2023\/12\/1676632939106-5-960x720.jpg\" alt=\"Campus Italia\"><div class=\"work-info\"><div class=\"centrize\"><div class=\"v-center\"><h3>Campus Italia<\/h3><p>Branding, Graphic, Printing<\/p><\/div><\/div><\/div><\/a><\/div><\/div><div class=\"work-item \"><div class=\"work-detail\"><a href=\"https:\/\/gdecor.it\/?portfolio=oiko\"><img decoding=\"async\" src=\"https:\/\/gdecor.it\/wp-content\/uploads\/2023\/12\/1676632939106-4-960x720.jpg\" alt=\"Oiko\"><div class=\"work-info\"><div class=\"centrize\"><div class=\"v-center\"><h3>Oiko<\/h3><p><\/p><\/div><\/div><\/div><\/a><\/div><\/div><div class=\"work-item branding graphic printing\"><div class=\"work-detail\"><a href=\"https:\/\/gdecor.it\/?portfolio=piersante-parrucchieri\"><img decoding=\"async\" src=\"https:\/\/gdecor.it\/wp-content\/uploads\/2023\/12\/1676632939106-3-960x720.jpg\" alt=\"Piersante parrucchieri\"><div class=\"work-info\"><div class=\"centrize\"><div class=\"v-center\"><h3>Piersante parrucchieri<\/h3><p>Branding, Graphic, Printing<\/p><\/div><\/div><\/div><\/a><\/div><\/div><div class=\"work-item branding graphic printing\"><div class=\"work-detail\"><a href=\"https:\/\/gdecor.it\/?portfolio=area-finestra\"><img decoding=\"async\" src=\"https:\/\/gdecor.it\/wp-content\/uploads\/2023\/12\/1676632939106C-960x720.jpg\" alt=\"Area Finestra\"><div class=\"work-info\"><div class=\"centrize\"><div class=\"v-center\"><h3>Area Finestra<\/h3><p>Branding, Graphic, Printing<\/p><\/div><\/div><\/div><\/a><\/div><\/div><div class=\"work-item graphic printing\"><div class=\"work-detail\"><a href=\"https:\/\/gdecor.it\/?portfolio=rikyrock\"><img decoding=\"async\" src=\"https:\/\/gdecor.it\/wp-content\/uploads\/2023\/12\/1676632939106-2-960x720.jpg\" alt=\"RikyRock\"><div class=\"work-info\"><div class=\"centrize\"><div class=\"v-center\"><h3>RikyRock<\/h3><p>Graphic, Printing<\/p><\/div><\/div><\/div><\/a><\/div><\/div><div class=\"work-item printing\"><div class=\"work-detail\"><a href=\"https:\/\/gdecor.it\/?portfolio=maico\"><img decoding=\"async\" src=\"https:\/\/gdecor.it\/wp-content\/uploads\/2023\/12\/IMG-20220929-WA0010-960x720.jpg\" alt=\"Maico\"><div class=\"work-info\"><div class=\"centrize\"><div class=\"v-center\"><h3>Maico<\/h3><p>Printing<\/p><\/div><\/div><\/div><\/a><\/div><\/div><div class=\"work-item branding graphic printing\"><div class=\"work-detail\"><a href=\"https:\/\/gdecor.it\/?portfolio=federazione-italiana-giuoco-handball\"><img decoding=\"async\" src=\"https:\/\/gdecor.it\/wp-content\/uploads\/2023\/12\/1676632939106-1-960x720.jpg\" alt=\"Federazione Italiana Giuoco Handball\"><div class=\"work-info\"><div class=\"centrize\"><div class=\"v-center\"><h3>Federazione Italiana Giuoco Handball<\/h3><p>Branding, Graphic, Printing<\/p><\/div><\/div><\/div><\/a><\/div><\/div><\/div>[\/vc_column][\/vc_row][vc_row][vc_column offset=&#8221;vc_col-md-6&#8243;][vc_single_image image=&#8221;1691&#8243; img_size=&#8221;full&#8221; alignment=&#8221;center&#8221; css=&#8221;.vc_custom_1703840484144{margin-top: 50px !important;}&#8221;][\/vc_column][vc_column offset=&#8221;vc_col-md-offset-1 vc_col-md-5&#8243;]<div class=\"title txt-xs-center txt-sm-center\"><h3 class=\"\">Let&#039;s Work Together<span class=\"red-dot\"><\/span><\/h3><\/div>[vc_column_text]La ricerca di materiali e finiture di stampa \u00e8 un&#8217;attivit\u00e0 fondamentale per il design e lo sviluppo di nuove tecniche. Questo processo richiede creativit\u00e0, sperimentazione e innovazione, al fine di ottenere risultati originali e di qualit\u00e0. La stampa \u00e8 un mezzo di comunicazione visiva che pu\u00f2 esprimere diversi messaggi e valori, a seconda delle scelte stilistiche e tecniche effettuate.<\/p>\n<div id=\"gtx-trans\" style=\"position: absolute; left: -80px; top: -9px;\">\n<div class=\"gtx-trans-icon\"><\/div>\n<\/div>\n<p>[\/vc_column_text]<div class=\"btn-container text-left\"><a href=\"https:\/\/gdecor.it\/?page_id=849\" class=\"btn btn-dark-out  \" >Contact Us<\/a><\/div>[\/vc_column][\/vc_row]<\/p>\n","protected":false},"excerpt":{"rendered":"<p>[vc_row][vc_column][\/vc_column][\/vc_row][vc_row][vc_column offset=&#8221;vc_col-md-6&#8243;][vc_single_image image=&#8221;1691&#8243; img_size=&#8221;full&#8221; alignment=&#8221;center&#8221; css=&#8221;.vc_custom_1703840484144{margin-top: 50px !important;}&#8221;][\/vc_column][vc_column offset=&#8221;vc_col-md-offset-1 vc_col-md-5&#8243;][vc_column_text]La ricerca di materiali e finiture di stampa \u00e8 un&#8217;attivit\u00e0 fondamentale per il design e lo sviluppo di nuove tecniche. Questo processo richiede creativit\u00e0, sperimentazione e innovazione, al fine di ottenere risultati originali e di qualit\u00e0. La stampa \u00e8 un mezzo di comunicazione visiva che pu\u00f2[&#8230;] <\/p>\n<p class=\"mt-15\"><a class=\"btn btn-color btn-sm\" href=\"https:\/\/gdecor.it\/?portfolio=federazione-italiana-giuoco-handball\">Read More<\/a><\/p>\n","protected":false},"author":1,"featured_media":0,"parent":0,"menu_order":0,"comment_status":"closed","ping_status":"closed","template":"","meta":{"footnotes":""},"class_list":["post-932","page","type-page","status-publish","hentry"],"_links":{"self":[{"href":"https:\/\/gdecor.it\/index.php?rest_route=\/wp\/v2\/pages\/932","targetHints":{"allow":["GET"]}}],"collection":[{"href":"https:\/\/gdecor.it\/index.php?rest_route=\/wp\/v2\/pages"}],"about":[{"href":"https:\/\/gdecor.it\/index.php?rest_route=\/wp\/v2\/types\/page"}],"author":[{"embeddable":true,"href":"https:\/\/gdecor.it\/index.php?rest_route=\/wp\/v2\/users\/1"}],"replies":[{"embeddable":true,"href":"https:\/\/gdecor.it\/index.php?rest_route=%2Fwp%2Fv2%2Fcomments&post=932"}],"version-history":[{"count":5,"href":"https:\/\/gdecor.it\/index.php?rest_route=\/wp\/v2\/pages\/932\/revisions"}],"predecessor-version":[{"id":2141,"href":"https:\/\/gdecor.it\/index.php?rest_route=\/wp\/v2\/pages\/932\/revisions\/2141"}],"wp:attachment":[{"href":"https:\/\/gdecor.it\/index.php?rest_route=%2Fwp%2Fv2%2Fmedia&parent=932"}],"curies":[{"name":"wp","href":"https:\/\/api.w.org\/{rel}","templated":true}]}}