{"id":789,"date":"2016-01-27T14:35:58","date_gmt":"2016-01-27T14:35:58","guid":{"rendered":"http:\/\/themes.hody.co\/comet\/?page_id=789"},"modified":"2024-10-07T14:07:11","modified_gmt":"2024-10-07T12:07:11","slug":"about","status":"publish","type":"page","link":"https:\/\/gdecor.it\/?page_id=789","title":{"rendered":"About"},"content":{"rendered":"<p>[vc_row][vc_column offset=&#8221;vc_col-md-4&#8243;]<div class=\"title txt-xs-center txt-sm-center\"><h3 class=\"\">Come nasce GDecor<span class=\"red-dot\"><\/span><\/h3><hr><\/div>[vc_column_text font_style=&#8221;serif&#8221;]<span style=\"font-size: 18px;\">DA <strong><span style=\"color: #99cc00;\">10 ANNI<\/span><\/strong> NEL SETTORE DELLA STAMPA DIGITALE E DEL MERCHANDISING, DEI GADGET, ABBIGLIAMENTO E ALTRO.<\/span>[\/vc_column_text][\/vc_column][vc_column width=&#8221;1\/2&#8243; offset=&#8221;vc_col-md-offset-1 vc_col-md-7&#8243;]<ul class=\"nav nav-tabs outline \"><li class=\"active\"><a href=\"#method-tab\" data-toggle=\"tab\">Method<\/a><\/li><\/ul><div class=\"tab-content\"><div id=\"method-tab\" class=\"tab-pane fade active in\">[vc_column_text css=&#8221;.vc_custom_1728302829504{margin-bottom: 0px !important;}&#8221;]<\/p>\n<p class=\"alt-paragraph mb-15\">La nostra azienda \u00e8 leader nel settore della stampa digitale e del merchandising, offrendo una vasta gamma di prodotti personalizzabili tra cui gadget, abbigliamento, accessori e molto altro.<\/p>\n<p class=\"alt-paragraph mb-15\">Da <span style=\"color: #99cc00;\"><strong>10 anni<\/strong><\/span> siamo al servizio dei nostri clienti, garantendo qualit\u00e0, professionalit\u00e0 e puntualit\u00e0. Siamo in grado di soddisfare ogni esigenza, dal singolo pezzo alle grandi tirature, grazie alla nostra esperienza e alla nostra tecnologia all&#8217;avanguardia.<\/p>\n<p>&nbsp;<\/p>\n<p class=\"alt-paragraph mb-15\"><span style=\"font-size: 24px;\"><span style=\"color: #cc99ff;\"><strong>C O N T A T T A C I<\/strong><\/span><\/span><\/p>\n<p class=\"alt-paragraph mb-15\"><span style=\"font-size: 20px;\">per un preventivo <strong><span style=\"color: #99cc00;\">GRATUITO<\/span><\/strong> e scoprirai tutte le nostre offerte.<\/span><\/p>\n<p>[\/vc_column_text]<\/div><\/div>[\/vc_column][\/vc_row][vc_row full_width=&#8221;stretch_row_content_no_spaces&#8221; row_bg_color=&#8221;dark&#8221; el_class=&#8221;boxes&#8221; css=&#8221;.vc_custom_1453909180940{padding-top: 0px !important;padding-bottom: 0px !important;}&#8221;][vc_column offset=&#8221;vc_col-md-4&#8243; css=&#8221;.vc_custom_1453909155555{background-color: #1c1e20 !important;}&#8221;]<div class=\"number-box\"><span>POINT<\/span><h2>01<span class=\"red-dot\"><\/span><\/h2><h4>Discover<\/h4><p>La ricerca di materiali e finiture di stampa \u00e8 un aspetto fondamentale per la qualit\u00e0 e l&#039;impatto visivo di un progetto grafico.<\/p><\/div>[\/vc_column][vc_column offset=&#8221;vc_col-md-4&#8243; css=&#8221;.vc_custom_1453909215548{background-color: #25282b !important;}&#8221;]<div class=\"number-box\"><span>POINT<\/span><h2>02<span class=\"red-dot\"><\/span><\/h2><h4>Design<\/h4><p>La stampa \u00e8 un mezzo di comunicazione visiva che pu\u00f2 esprimere diversi messaggi e valori, a seconda delle scelte stilistiche e tecniche effettuate.<\/p><\/div>[\/vc_column][vc_column offset=&#8221;vc_col-md-4&#8243; css=&#8221;.vc_custom_1453909227909{background-color: #2a2d30 !important;}&#8221;]<div class=\"number-box\"><span>POINT<\/span><h2>03<span class=\"red-dot\"><\/span><\/h2><h4>Development<\/h4><p>La ricerca di materiali e finiture di stampa \u00e8 un&#039;attivit\u00e0 fondamentale per il design e lo sviluppo di nuove tecniche.<\/p><\/div>[\/vc_column][\/vc_row][vc_row parallax=&#8221;content-moving&#8221; parallax_image=&#8221;1660&#8243;][vc_column]<div class=\"title center\"><h3 class=\"\">Il miglior prodotto la migliore stampa<span class=\"red-dot\"><\/span><\/h3><hr><\/div>[\/vc_column][\/vc_row][vc_row css=&#8221;.vc_custom_1453909917992{padding-top: 50px !important;padding-bottom: 50px !important;}&#8221;][vc_column]<div class=\"owl-carousel\" data-options=\"{&quot;items&quot;: 6, &quot;margin&quot;: 100, &quot;autoplay&quot;: true, &quot;mdItems&quot;: 5, &quot;smItems&quot;: 4, &quot;xsItems&quot;: 3}\">[vc_single_image image=&#8221;1671&#8243; img_size=&#8221;full&#8221; alignment=&#8221;center&#8221;][vc_single_image image=&#8221;1670&#8243; img_size=&#8221;full&#8221; alignment=&#8221;center&#8221;][vc_single_image image=&#8221;1669&#8243; img_size=&#8221;full&#8221; alignment=&#8221;center&#8221;][vc_single_image image=&#8221;1668&#8243; img_size=&#8221;full&#8221; alignment=&#8221;center&#8221;][vc_single_image image=&#8221;1667&#8243; img_size=&#8221;full&#8221; alignment=&#8221;center&#8221;][vc_single_image image=&#8221;1666&#8243; img_size=&#8221;full&#8221; alignment=&#8221;center&#8221;]<\/div>[\/vc_column][\/vc_row]<\/p>\n","protected":false},"excerpt":{"rendered":"<p>[vc_row][vc_column offset=&#8221;vc_col-md-4&#8243;][vc_column_text font_style=&#8221;serif&#8221;]DA 10 ANNI NEL SETTORE DELLA STAMPA DIGITALE E DEL MERCHANDISING, DEI GADGET, ABBIGLIAMENTO E ALTRO.[\/vc_column_text][\/vc_column][vc_column width=&#8221;1\/2&#8243; offset=&#8221;vc_col-md-offset-1 vc_col-md-7&#8243;][\/vc_column][\/vc_row][vc_row full_width=&#8221;stretch_row_content_no_spaces&#8221; row_bg_color=&#8221;dark&#8221; el_class=&#8221;boxes&#8221; css=&#8221;.vc_custom_1453909180940{padding-top: 0px !important;padding-bottom: 0px !important;}&#8221;][vc_column offset=&#8221;vc_col-md-4&#8243; css=&#8221;.vc_custom_1453909155555{background-color: #1c1e20 !important;}&#8221;][\/vc_column][vc_column offset=&#8221;vc_col-md-4&#8243; css=&#8221;.vc_custom_1453909215548{background-color: #25282b !important;}&#8221;][\/vc_column][vc_column offset=&#8221;vc_col-md-4&#8243; css=&#8221;.vc_custom_1453909227909{background-color: #2a2d30 !important;}&#8221;][\/vc_column][\/vc_row][vc_row parallax=&#8221;content-moving&#8221; parallax_image=&#8221;1660&#8243;][vc_column][\/vc_column][\/vc_row][vc_row css=&#8221;.vc_custom_1453909917992{padding-top: 50px !important;padding-bottom: 50px !important;}&#8221;][vc_column][\/vc_column][\/vc_row]<\/p>\n","protected":false},"author":1,"featured_media":0,"parent":0,"menu_order":0,"comment_status":"closed","ping_status":"closed","template":"","meta":{"footnotes":""},"class_list":["post-789","page","type-page","status-publish","hentry"],"_links":{"self":[{"href":"https:\/\/gdecor.it\/index.php?rest_route=\/wp\/v2\/pages\/789","targetHints":{"allow":["GET"]}}],"collection":[{"href":"https:\/\/gdecor.it\/index.php?rest_route=\/wp\/v2\/pages"}],"about":[{"href":"https:\/\/gdecor.it\/index.php?rest_route=\/wp\/v2\/types\/page"}],"author":[{"embeddable":true,"href":"https:\/\/gdecor.it\/index.php?rest_route=\/wp\/v2\/users\/1"}],"replies":[{"embeddable":true,"href":"https:\/\/gdecor.it\/index.php?rest_route=%2Fwp%2Fv2%2Fcomments&post=789"}],"version-history":[{"count":10,"href":"https:\/\/gdecor.it\/index.php?rest_route=\/wp\/v2\/pages\/789\/revisions"}],"predecessor-version":[{"id":2039,"href":"https:\/\/gdecor.it\/index.php?rest_route=\/wp\/v2\/pages\/789\/revisions\/2039"}],"wp:attachment":[{"href":"https:\/\/gdecor.it\/index.php?rest_route=%2Fwp%2Fv2%2Fmedia&parent=789"}],"curies":[{"name":"wp","href":"https:\/\/api.w.org\/{rel}","templated":true}]}}