{"id":1697,"date":"2023-12-28T19:54:31","date_gmt":"2023-12-28T18:54:31","guid":{"rendered":"https:\/\/gdecor.it\/?page_id=1697"},"modified":"2023-12-28T19:54:32","modified_gmt":"2023-12-28T18:54:32","slug":"privacy-policy-2","status":"publish","type":"page","link":"https:\/\/gdecor.it\/?page_id=1697","title":{"rendered":"Privacy Policy"},"content":{"rendered":"\n<p><strong>Chi siamo<\/strong><br>L\u2019indirizzo del nostro sito web \u00e8: http:\/\/www.gdecor.it<\/p>\n\n\n\n<p><strong>GDPR<\/strong><br>Informativa estesa sul trattamento dei dati personali ai sensi del Regolamento (UE) 2016\/679 (GDPR)<\/p>\n\n\n\n<p>Il sito web gdecor.it \u00e8 gestito da GDecor di ROSETTA CIANCARELLI., con sede legale in Via Teofilo D&#8217;Annunzio 13 65126 &#8211; Pescara (PE) &#8211; IT, codice fiscale e partita IVA IT02083670683, in persona del suo legale rappresentante ROSETTA CIANCARELLI, che pu\u00f2 essere contattato all\u2019indirizzo email info@gdecor.it.<\/p>\n\n\n\n<p>La presente informativa ha lo scopo di illustrare le modalit\u00e0 e le finalit\u00e0 del trattamento dei dati personali degli utenti che visitano e interagiscono con il sito web gdecor.it, nonch\u00e9 i diritti degli interessati e le misure di sicurezza adottate per proteggere la loro riservatezza.<\/p>\n\n\n\n<p>I dati personali sono tutte le informazioni che identificano o rendono identificabile una persona fisica, come il nome, il cognome, l\u2019indirizzo email, il numero di telefono, il codice fiscale, l\u2019indirizzo IP, i cookie, ecc.<\/p>\n\n\n\n<p>Il trattamento dei dati personali \u00e8 qualunque operazione o insieme di operazioni, compiute con o senza l\u2019ausilio di processi automatizzati, che riguardano la raccolta, la registrazione, l\u2019organizzazione, la strutturazione, la conservazione, l\u2019adattamento o la modifica, l\u2019estrazione, la consultazione, l\u2019uso, la comunicazione mediante trasmissione, diffusione o qualsiasi altra forma di messa a disposizione, il raffronto o l\u2019interconnessione, la limitazione, la cancellazione o la distruzione dei dati personali.<\/p>\n\n\n\n<p>Il titolare del trattamento dei dati personali \u00e8 GDecor di ROSETTA CIANCARELLI, che determina le finalit\u00e0 e i mezzi del trattamento.<\/p>\n\n\n\n<p>Il responsabile del trattamento dei dati personali \u00e8 la persona fisica o giuridica, l\u2019autorit\u00e0 pubblica, il servizio o altro organismo che tratta i dati personali per conto del titolare. Il titolare pu\u00f2 nominare uno o pi\u00f9 responsabili del trattamento dei dati personali.<\/p>\n\n\n\n<p>L\u2019interessato \u00e8 la persona fisica cui si riferiscono i dati personali.<\/p>\n\n\n\n<p>Il consenso dell\u2019interessato \u00e8 qualsiasi manifestazione di volont\u00e0 libera, specifica, informata e inequivocabile dell\u2019interessato con la quale lo stesso esprime il proprio assenso al trattamento dei propri dati personali.<\/p>\n\n\n\n<p><strong>Cookie<\/strong><br>Se visiti la pagina di login, verr\u00e0 impostato un cookie temporaneo per determinare se il tuo browser accetta i cookie. Questo cookie non contiene dati personali e viene eliminato quando chiudi il browser.<\/p>\n\n\n\n<p>Quando effettui l\u2019accesso, verranno impostati diversi cookie per salvare le tue informazioni di accesso e le tue opzioni di visualizzazione dello schermo. I cookie di accesso durano due giorni mentre i cookie per le opzioni dello schermo durano un anno. Se selezioni \u201cRicordami\u201d, il tuo accesso persister\u00e0 per due settimane. Se esci dal tuo account, i cookie di accesso verranno rimossi.<\/p>\n\n\n\n<p>Se modifichi o pubblichi un articolo, un cookie aggiuntivo verr\u00e0 salvato nel tuo browser. Questo cookie non include dati personali, ma indica semplicemente l\u2019ID dell\u2019articolo appena modificato. Scade dopo 1 giorno.<\/p>\n\n\n\n<p><strong>Contenuto incorporato da altri siti web<\/strong><br>Gli articoli su questo sito possono includere contenuti incorporati (ad esempio video, immagini, articoli, ecc.). I contenuti incorporati da altri siti web si comportano esattamente allo stesso modo come se il visitatore avesse visitato l\u2019altro sito web.<\/p>\n\n\n\n<p>Questi siti web possono raccogliere dati su di te, usare cookie, integrare ulteriori tracciamenti di terze parti e monitorare l\u2019interazione con essi, incluso il tracciamento della tua interazione con il contenuto incorporato se hai un account e sei connesso a quei siti web.<\/p>\n\n\n\n<p><strong>Con chi condividiamo i tuoi dati<\/strong><br>Se richiedi una reimpostazione della password, il tuo indirizzo IP verr\u00e0 incluso nell\u2019email di reimpostazione.<\/p>\n\n\n\n<p><strong>Per quanto tempo conserviamo i tuoi dati<\/strong><br>Per gli utenti che si registrano sul nostro sito web (se presenti), memorizziamo anche le informazioni personali che forniscono nel loro profilo utente. Tutti gli utenti possono vedere, modificare o eliminare le loro informazioni personali in qualsiasi momento (eccetto il loro nome utente che non possono cambiare). Gli amministratori del sito web possono anche vedere e modificare queste informazioni.<\/p>\n\n\n\n<p><strong>Quali diritti hai sui tuoi dati<\/strong><br>Se hai un account su questo sito, o hai lasciato commenti, puoi richiedere di ricevere un file esportato dal sito con i dati personali che abbiamo su di te, compresi i dati che ci hai fornito. Puoi anche richiedere che cancelliamo tutti i dati personali che ti riguardano. Questo non include i dati che siamo obbligati a conservare per scopi amministrativi, legali o di sicurezza.<\/p>\n\n\n\n<p><strong>Dove i tuoi dati sono inviati<\/strong><br>I commenti dei visitatori possono essere controllati attraverso un servizio di rilevamento automatico dello spam.<\/p>\n","protected":false},"excerpt":{"rendered":"<p>Chi siamoL\u2019indirizzo del nostro sito web \u00e8: http:\/\/www.gdecor.it GDPRInformativa estesa sul trattamento dei dati personali ai sensi del Regolamento (UE) 2016\/679 (GDPR) Il sito web gdecor.it \u00e8 gestito da GDecor di ROSETTA CIANCARELLI., con sede legale in Via Teofilo D&#8217;Annunzio 13 65126 &#8211; Pescara (PE) &#8211; IT, codice fiscale e partita IVA IT02083670683, in persona[&#8230;] <\/p>\n<p class=\"mt-15\"><a class=\"btn btn-color btn-sm\" href=\"https:\/\/gdecor.it\/?page_id=1697\">Read More<\/a><\/p>\n","protected":false},"author":3,"featured_media":0,"parent":0,"menu_order":0,"comment_status":"closed","ping_status":"closed","template":"","meta":{"footnotes":""},"class_list":["post-1697","page","type-page","status-publish","hentry"],"_links":{"self":[{"href":"https:\/\/gdecor.it\/index.php?rest_route=\/wp\/v2\/pages\/1697","targetHints":{"allow":["GET"]}}],"collection":[{"href":"https:\/\/gdecor.it\/index.php?rest_route=\/wp\/v2\/pages"}],"about":[{"href":"https:\/\/gdecor.it\/index.php?rest_route=\/wp\/v2\/types\/page"}],"author":[{"embeddable":true,"href":"https:\/\/gdecor.it\/index.php?rest_route=\/wp\/v2\/users\/3"}],"replies":[{"embeddable":true,"href":"https:\/\/gdecor.it\/index.php?rest_route=%2Fwp%2Fv2%2Fcomments&post=1697"}],"version-history":[{"count":1,"href":"https:\/\/gdecor.it\/index.php?rest_route=\/wp\/v2\/pages\/1697\/revisions"}],"predecessor-version":[{"id":1698,"href":"https:\/\/gdecor.it\/index.php?rest_route=\/wp\/v2\/pages\/1697\/revisions\/1698"}],"wp:attachment":[{"href":"https:\/\/gdecor.it\/index.php?rest_route=%2Fwp%2Fv2%2Fmedia&parent=1697"}],"curies":[{"name":"wp","href":"https:\/\/api.w.org\/{rel}","templated":true}]}}